{"id":30,"date":"2023-01-17T14:45:12","date_gmt":"2023-01-17T17:45:12","guid":{"rendered":"https:\/\/homolog.estagio.grupounico.com\/\/?page_id=30"},"modified":"2023-02-02T16:48:08","modified_gmt":"2023-02-02T19:48:08","slug":"vagas_old","status":"publish","type":"page","link":"https:\/\/homolog.estagio.grupounico.com\/?page_id=30","title":{"rendered":"Vagas_old"},"content":{"rendered":"\t\t<div data-elementor-type=\"wp-page\" data-elementor-id=\"30\" class=\"elementor elementor-30\">\n\t\t\t\t\t\t\t\t\t<section class=\"has_ma_el_bg_slider elementor-section elementor-top-section elementor-element elementor-element-6f321a8 elementor-section-full_width elementor-section-stretched elementor-section-height-default elementor-section-height-default jltma-glass-effect-no wpr-particle-no wpr-jarallax-no wpr-parallax-no wpr-sticky-section-no\" data-id=\"6f321a8\" data-element_type=\"section\" data-settings=\"{&quot;stretch_section&quot;:&quot;section-stretched&quot;,&quot;background_background&quot;:&quot;classic&quot;,&quot;_ha_eqh_enable&quot;:false}\">\n\t\t\t\t\t\t<div class=\"elementor-container elementor-column-gap-default\">\n\t\t\t\t\t<div class=\"has_ma_el_bg_slider elementor-column elementor-col-100 elementor-top-column elementor-element elementor-element-f60c623 jltma-glass-effect-no\" data-id=\"f60c623\" data-element_type=\"column\">\n\t\t\t<div class=\"elementor-widget-wrap elementor-element-populated\">\n\t\t\t\t\t\t\t\t<section class=\"has_ma_el_bg_slider elementor-section elementor-inner-section elementor-element elementor-element-ec9174e elementor-section-boxed elementor-section-height-default elementor-section-height-default jltma-glass-effect-no wpr-particle-no wpr-jarallax-no wpr-parallax-no wpr-sticky-section-no\" data-id=\"ec9174e\" data-element_type=\"section\" data-settings=\"{&quot;_ha_eqh_enable&quot;:false}\">\n\t\t\t\t\t\t<div class=\"elementor-container elementor-column-gap-default\">\n\t\t\t\t\t<div class=\"has_ma_el_bg_slider elementor-column elementor-col-33 elementor-inner-column elementor-element elementor-element-14c2801 jltma-glass-effect-no\" data-id=\"14c2801\" data-element_type=\"column\" data-settings=\"{&quot;background_background&quot;:&quot;slideshow&quot;,&quot;background_slideshow_gallery&quot;:[],&quot;background_slideshow_loop&quot;:&quot;yes&quot;,&quot;background_slideshow_slide_duration&quot;:5000,&quot;background_slideshow_slide_transition&quot;:&quot;fade&quot;,&quot;background_slideshow_transition_duration&quot;:500}\">\n\t\t\t<div class=\"elementor-widget-wrap elementor-element-populated\">\n\t\t\t\t\t\t\t\t<div class=\"elementor-element elementor-element-5656355 jltma-glass-effect-no elementor-widget elementor-widget-image\" data-id=\"5656355\" data-element_type=\"widget\" data-widget_type=\"image.default\">\n\t\t\t\t<div class=\"elementor-widget-container\">\n\t\t\t<style>\/*! elementor - v3.10.1 - 17-01-2023 *\/\n.elementor-widget-image{text-align:center}.elementor-widget-image a{display:inline-block}.elementor-widget-image a img[src$=\".svg\"]{width:48px}.elementor-widget-image img{vertical-align:middle;display:inline-block}<\/style>\t\t\t\t\t\t\t\t\t\t\t\t<img decoding=\"async\" width=\"446\" height=\"449\" src=\"https:\/\/homolog.estagio.grupounico.com\/wp-content\/uploads\/2023\/01\/material.webp\" class=\"attachment-full size-full wp-image-471\" alt=\"\" loading=\"lazy\" srcset=\"https:\/\/homolog.estagio.grupounico.com\/wp-content\/uploads\/2023\/01\/material.webp 446w, https:\/\/homolog.estagio.grupounico.com\/wp-content\/uploads\/2023\/01\/material-298x300.webp 298w, https:\/\/homolog.estagio.grupounico.com\/wp-content\/uploads\/2023\/01\/material-150x150.webp 150w, https:\/\/homolog.estagio.grupounico.com\/wp-content\/uploads\/2023\/01\/elementor\/thumbs\/material-q1hfdguzsqcjeqxicsmors3xlw99akijz2w46hosw6.webp 357w\" sizes=\"(max-width: 446px) 100vw, 446px\" \/>\t\t\t\t\t\t\t\t\t\t\t\t\t\t\t<\/div>\n\t\t\t\t<\/div>\n\t\t\t\t\t<\/div>\n\t\t<\/div>\n\t\t\t\t<div class=\"has_ma_el_bg_slider elementor-column elementor-col-66 elementor-inner-column elementor-element elementor-element-ece2335 jltma-glass-effect-no\" data-id=\"ece2335\" data-element_type=\"column\">\n\t\t\t<div class=\"elementor-widget-wrap elementor-element-populated\">\n\t\t\t\t\t\t\t\t<div class=\"elementor-element elementor-element-63ae5fb elementor-widget__width-inherit jltma-glass-effect-no elementor-widget elementor-widget-heading\" data-id=\"63ae5fb\" data-element_type=\"widget\" data-widget_type=\"heading.default\">\n\t\t\t\t<div class=\"elementor-widget-container\">\n\t\t\t<style>\/*! elementor - v3.10.1 - 17-01-2023 *\/\n.elementor-heading-title{padding:0;margin:0;line-height:1}.elementor-widget-heading .elementor-heading-title[class*=elementor-size-]>a{color:inherit;font-size:inherit;line-height:inherit}.elementor-widget-heading .elementor-heading-title.elementor-size-small{font-size:15px}.elementor-widget-heading .elementor-heading-title.elementor-size-medium{font-size:19px}.elementor-widget-heading .elementor-heading-title.elementor-size-large{font-size:29px}.elementor-widget-heading .elementor-heading-title.elementor-size-xl{font-size:39px}.elementor-widget-heading .elementor-heading-title.elementor-size-xxl{font-size:59px}<\/style><h2 class=\"elementor-heading-title elementor-size-default\">GRUPO UNI.CO | 2022<\/h2>\t\t<\/div>\n\t\t\t\t<\/div>\n\t\t\t\t<div class=\"elementor-element elementor-element-10b3173 jltma-glass-effect-no elementor-widget elementor-widget-heading\" data-id=\"10b3173\" data-element_type=\"widget\" data-widget_type=\"heading.default\">\n\t\t\t\t<div class=\"elementor-widget-container\">\n\t\t\t<h2 class=\"elementor-heading-title elementor-size-default\">CONHE\u00c7A<br>NOSSAS VAGAS<br><\/h2>\t\t<\/div>\n\t\t\t\t<\/div>\n\t\t\t\t\t<\/div>\n\t\t<\/div>\n\t\t\t\t\t\t\t<\/div>\n\t\t<\/section>\n\t\t\t\t\t<\/div>\n\t\t<\/div>\n\t\t\t\t\t\t\t<\/div>\n\t\t<\/section>\n\t\t\t\t<section class=\"has_ma_el_bg_slider elementor-section elementor-top-section elementor-element elementor-element-a8548ca elementor-section-boxed elementor-section-height-default elementor-section-height-default jltma-glass-effect-no wpr-particle-no wpr-jarallax-no wpr-parallax-no wpr-sticky-section-no\" data-id=\"a8548ca\" data-element_type=\"section\" data-settings=\"{&quot;_ha_eqh_enable&quot;:false}\">\n\t\t\t\t\t\t<div class=\"elementor-container elementor-column-gap-default\">\n\t\t\t\t\t<div class=\"has_ma_el_bg_slider elementor-column elementor-col-100 elementor-top-column elementor-element elementor-element-df2b9ac jltma-glass-effect-no\" data-id=\"df2b9ac\" data-element_type=\"column\">\n\t\t\t<div class=\"elementor-widget-wrap elementor-element-populated\">\n\t\t\t\t\t\t\t\t<div class=\"elementor-element elementor-element-f8d2444 jltma-glass-effect-no elementor-widget elementor-widget-heading\" data-id=\"f8d2444\" data-element_type=\"widget\" data-widget_type=\"heading.default\">\n\t\t\t\t<div class=\"elementor-widget-container\">\n\t\t\t<h2 class=\"elementor-heading-title elementor-size-default\">Aqui voc\u00ea poder\u00e1 conhecer as nossas oportunidades. Leia cuidadosamente e veja o que cada uma delas espera de voc\u00ea. Ao final, voc\u00ea poder\u00e1 acessar ao <span style=\"font-weight:700\">formul\u00e1rio de inscri\u00e7\u00e3o<\/span> e tamb\u00e9m anexar o seu material (hist\u00f3rico, curr\u00edculo e\/ou portf\u00f3lio). Lembre-se: <span style=\"font-weight:700\">a inscri\u00e7\u00e3o para o Programa de Est\u00e1gio Uni.co ficar\u00e1 aberta at\u00e9 o dia 20\/04\/2022!<\/span> \n<br>\nN\u00e3o fique fora dessa e\u00a0<span style=\"font-weight:700\">venha ser UNI.CO!<\/span> <\/h2>\t\t<\/div>\n\t\t\t\t<\/div>\n\t\t\t\t\t<\/div>\n\t\t<\/div>\n\t\t\t\t\t\t\t<\/div>\n\t\t<\/section>\n\t\t\t\t<section class=\"has_ma_el_bg_slider elementor-section elementor-top-section elementor-element elementor-element-047f3c5 elementor-section-boxed elementor-section-height-default elementor-section-height-default jltma-glass-effect-no wpr-particle-no wpr-jarallax-no wpr-parallax-no wpr-sticky-section-no\" data-id=\"047f3c5\" data-element_type=\"section\" data-settings=\"{&quot;_ha_eqh_enable&quot;:false}\">\n\t\t\t\t\t\t<div class=\"elementor-container elementor-column-gap-default\">\n\t\t\t\t\t<div class=\"has_ma_el_bg_slider elementor-column elementor-col-100 elementor-top-column elementor-element elementor-element-ab8ea3c jltma-glass-effect-no\" data-id=\"ab8ea3c\" data-element_type=\"column\">\n\t\t\t<div class=\"elementor-widget-wrap elementor-element-populated\">\n\t\t\t\t\t\t\t\t<div class=\"elementor-element elementor-element-d346214 jltma-glass-effect-no elementor-widget elementor-widget-ha-post-list happy-addon ha-post-list\" data-id=\"d346214\" data-element_type=\"widget\" data-widget_type=\"ha-post-list.default\">\n\t\t\t\t<div class=\"elementor-widget-container\">\n\t\t\t\t\t\t<div class=\"ha-post-list-wrapper\">\n\t\t\t\t<ul class=\"ha-post-list\" >\n\t\t\t\t\t\t\t\t\t\t\t<li class=\"ha-post-list-item\">\n\t\t\t\t\t\t\t<a href=\"https:\/\/homolog.estagio.grupounico.com\/?movies=estagio-na-area-projetos-digitais\">\n\t\t\t\t\t\t\t\t<span class=\"ha-post-list-icon\"><i aria-hidden=\"true\" class=\"far fa-star\"><\/i><\/span>\t\t\t\t\t\t\t\t<div class=\"ha-post-list-content\">\n\t\t\t\t\t\t\t\t\t<h2 class=\"ha-post-list-title\">Est\u00e1gio na \u00e1rea: Projetos Digitais<\/h2>\t\t\t\t\t\t\t\t\t\t\t\t\t\t\t\t\t\t\t\t\t\t\t\t\t\t\t\t\t\t\t\t\t\t\t\t\t<div class=\"ha-post-list-excerpt\">\n\t\t\t\t\t\t\t\t\t\t\t<p>Posto de trabalho: Vila Ol\u00edmpia\/SP (formato de trabalho h\u00edbrido) 30 horas semanais DESCRI\u00c7\u00c3O DA VAGA&nbsp; No est\u00e1gio em&nbsp;PROJETOS DIGITAIS&nbsp;voc\u00ea ir\u00e1: Garantir a implementa\u00e7\u00e3o dos projetos.<\/p>\t\t\t\t\t\t\t\t\t\t<\/div>\n\t\t\t\t\t\t\t\t\t\t\t\t\t\t\t\t\t<\/div>\n\t\t\t\t\t\t\t<\/a>\n\t\t\t\t\t\t<\/li>\n\t\t\t\t\t\t\t\t\t\t\t<li class=\"ha-post-list-item\">\n\t\t\t\t\t\t\t<a href=\"https:\/\/homolog.estagio.grupounico.com\/?movies=estagio-na-area-novos-negocios-e-ma\">\n\t\t\t\t\t\t\t\t<span class=\"ha-post-list-icon\"><i aria-hidden=\"true\" class=\"far fa-star\"><\/i><\/span>\t\t\t\t\t\t\t\t<div class=\"ha-post-list-content\">\n\t\t\t\t\t\t\t\t\t<h2 class=\"ha-post-list-title\">Est\u00e1gio na \u00e1rea: Novos Neg\u00f3cios e M&amp;A<\/h2>\t\t\t\t\t\t\t\t\t\t\t\t\t\t\t\t\t\t\t\t\t\t\t\t\t\t\t\t\t\t\t\t\t\t\t\t\t<div class=\"ha-post-list-excerpt\">\n\t\t\t\t\t\t\t\t\t\t\t<p>Posto de trabalho: Vila Ol\u00edmpia\/SP (formato de trabalho h\u00edbrido) 30 horas semanais &nbsp; DESCRI\u00c7\u00c3O DA VAGA&nbsp; No est\u00e1gio em&nbsp;NOVOS NEG\u00d3CIOS E M&amp;A&nbsp;voc\u00ea ir\u00e1: Participar das.<\/p>\t\t\t\t\t\t\t\t\t\t<\/div>\n\t\t\t\t\t\t\t\t\t\t\t\t\t\t\t\t\t<\/div>\n\t\t\t\t\t\t\t<\/a>\n\t\t\t\t\t\t<\/li>\n\t\t\t\t\t\t\t\t\t\t\t<li class=\"ha-post-list-item\">\n\t\t\t\t\t\t\t<a href=\"https:\/\/homolog.estagio.grupounico.com\/?movies=teste\">\n\t\t\t\t\t\t\t\t<span class=\"ha-post-list-icon\"><i aria-hidden=\"true\" class=\"far fa-star\"><\/i><\/span>\t\t\t\t\t\t\t\t<div class=\"ha-post-list-content\">\n\t\t\t\t\t\t\t\t\t<h2 class=\"ha-post-list-title\">Estagi\u00e1rio na \u00e1rea de FP&amp;A<\/h2>\t\t\t\t\t\t\t\t\t\t\t\t\t\t\t\t\t\t\t\t\t\t\t\t\t\t\t\t\t\t\t\t\t\t\t\t\t<div class=\"ha-post-list-excerpt\">\n\t\t\t\t\t\t\t\t\t\t\t<p>Posto de trabalho: Vila Ol\u00edmpia\/SP (formato de trabalho h\u00edbrido) 30 horas semanais &nbsp;DESCRI\u00c7\u00c3O DA VAGA&nbsp; No est\u00e1gio em&nbsp;PLANEJAMENTO E AN\u00c1LISE FINANCEIRA (FP&amp;A)&nbsp;voc\u00ea ir\u00e1: Gerar e.<\/p>\t\t\t\t\t\t\t\t\t\t<\/div>\n\t\t\t\t\t\t\t\t\t\t\t\t\t\t\t\t\t<\/div>\n\t\t\t\t\t\t\t<\/a>\n\t\t\t\t\t\t<\/li>\n\t\t\t\t\t\t\t\t\t<\/ul>\n\t\t\t<\/div>\n\t\t\t\t\t<\/div>\n\t\t\t\t<\/div>\n\t\t\t\t<div class=\"elementor-element elementor-element-da5ff8c jltma-glass-effect-no elementor-widget elementor-widget-heading\" data-id=\"da5ff8c\" data-element_type=\"widget\" data-widget_type=\"heading.default\">\n\t\t\t\t<div class=\"elementor-widget-container\">\n\t\t\t<h2 class=\"elementor-heading-title elementor-size-default\"><p style=\"background: transparent; border: 0px; margin-bottom: 0px; outline: 0px; vertical-align: baseline; pointer-events: auto; font-weight: 400; font-size: 15px; line-height: 1.4em; color: rgb(var(--color_14)); white-space: normal;\"><span style=\"background: transparent; border: 0px; margin: 0px; outline: 0px; padding: 0px; vertical-align: baseline;\"><span style=\"background: transparent; border: 0px; margin: 0px; outline: 0px; padding: 0px; vertical-align: baseline; color: rgb(0, 46, 93); font-family: barlow-medium, barlow, sans-serif; font-size: 25px; font-weight: bold;\"><span style=\"background: rgb(237, 224, 75); border: 0px; margin: 0px; outline: 0px; padding: 0px; vertical-align: baseline;\">TEM INTERESSE POR ALGUMA VAGA? OU QUER DEIXAR SEU CURR\u00cdCULO<\/span>&nbsp;<span style=\"background: rgb(237, 224, 75); border: 0px; margin: 0px; outline: 0px; padding: 0px; vertical-align: baseline;\">PARA AS PR\u00d3XIMAS&nbsp;<\/span><\/span><span style=\"background: transparent; border: 0px; margin: 0px; outline: 0px; padding: 0px; vertical-align: baseline; color: rgb(0, 46, 93); font-family: barlow-medium, barlow, sans-serif; font-size: 25px; font-weight: 700;\"><span style=\"background: rgb(237, 224, 75); border: 0px; margin: 0px; outline: 0px; padding: 0px; vertical-align: baseline;\">OPORTUNIDADES<\/span><\/span><span style=\"background: transparent; border: 0px; margin: 0px; outline: 0px; padding: 0px; vertical-align: baseline; color: rgb(0, 46, 93); font-family: barlow-medium, barlow, sans-serif; font-size: 25px; font-weight: bold;\"><span style=\"background: rgb(237, 224, 75); border: 0px; margin: 0px; outline: 0px; padding: 0px; vertical-align: baseline;\">?<\/span><\/span><\/span><\/p><p style=\"background: transparent; border: 0px; margin-bottom: 0px; outline: 0px; vertical-align: baseline; pointer-events: auto; font-weight: 400; font-size: 25px; line-height: 1.4em; color: rgb(var(--color_14)); white-space: normal;\"><span style=\"background: transparent; border: 0px; margin: 0px; outline: 0px; padding: 0px; vertical-align: baseline;\"><span style=\"background: transparent; border: 0px; margin: 0px; outline: 0px; padding: 0px; vertical-align: baseline;\"><span style=\"background: transparent; border: 0px; margin: 0px; outline: 0px; padding: 0px; vertical-align: baseline; color: rgb(0, 46, 93);\"><span style=\"background: transparent; border: 0px; margin: 0px; outline: 0px; padding: 0px; vertical-align: baseline; font-family: barlow-medium, barlow, sans-serif;\"><span style=\"background: transparent; border: 0px; margin: 0px; outline: 0px; padding: 0px; vertical-align: baseline; font-weight: bold;\"><span style=\"background: rgb(237, 224, 75); border: 0px; margin: 0px; outline: 0px; padding: 0px; vertical-align: baseline;\">CLIQUE NO BOT\u00c3O ABAIXO E INSCREVA-SE!<\/span><\/span><\/span><\/span><\/span><\/span><span style=\"color: var( --e-global-color-primary ); font-family: var( --e-global-typography-primary-font-family ), Sans-serif; font-size: 28px; font-weight: var( --e-global-typography-primary-font-weight ); white-space: pre-wrap;\"><\/span><\/p><\/h2>\t\t<\/div>\n\t\t\t\t<\/div>\n\t\t\t\t<div class=\"elementor-element elementor-element-6d9268e jltma-glass-effect-no elementor-widget elementor-widget-text-editor\" data-id=\"6d9268e\" data-element_type=\"widget\" data-widget_type=\"text-editor.default\">\n\t\t\t\t<div class=\"elementor-widget-container\">\n\t\t\t<style>\/*! elementor - v3.10.1 - 17-01-2023 *\/\n.elementor-widget-text-editor.elementor-drop-cap-view-stacked .elementor-drop-cap{background-color:#818a91;color:#fff}.elementor-widget-text-editor.elementor-drop-cap-view-framed .elementor-drop-cap{color:#818a91;border:3px solid;background-color:transparent}.elementor-widget-text-editor:not(.elementor-drop-cap-view-default) .elementor-drop-cap{margin-top:8px}.elementor-widget-text-editor:not(.elementor-drop-cap-view-default) .elementor-drop-cap-letter{width:1em;height:1em}.elementor-widget-text-editor .elementor-drop-cap{float:left;text-align:center;line-height:1;font-size:50px}.elementor-widget-text-editor .elementor-drop-cap-letter{display:inline-block}<\/style>\t\t\t\t<p><span style=\"background: transparent; border: 0px; margin: 0px; outline: 0px; padding: 0px; vertical-align: baseline; color: #606060; font-family: barlow-extralight, barlow, sans-serif;\">As inscri\u00e7\u00f5es estar\u00e3o abertas at\u00e9 o dia<\/span><span style=\"background: transparent; border: 0px; margin: 0px; outline: 0px; padding: 0px; vertical-align: baseline; color: #606060; font-family: barlow-medium, barlow, sans-serif;\">\u00a0<strong>20\/04\/2022<\/strong><\/span><span style=\"background: transparent; border: 0px; margin: 0px; outline: 0px; padding: 0px; vertical-align: baseline; color: #606060; font-family: barlow-extralight, barlow, sans-serif;\">! Para realizar o seu cadastro \u00e9 necess\u00e1rio ter uma conta de e-mail Google.\u00a0<\/span><strong><span style=\"background: transparent; border: 0px; margin: 0px; outline: 0px; padding: 0px; vertical-align: baseline; color: #606060; font-family: barlow-medium, barlow, sans-serif;\">Vem ser Uni.co<\/span><\/strong><span style=\"background: transparent; border: 0px; margin: 0px; outline: 0px; padding: 0px; vertical-align: baseline; color: #606060; font-family: barlow-extralight, barlow, sans-serif;\">!<\/span><\/p>\t\t\t\t\t\t<\/div>\n\t\t\t\t<\/div>\n\t\t\t\t<div class=\"elementor-element elementor-element-3200d01 jltma-glass-effect-no elementor-widget elementor-widget-button\" data-id=\"3200d01\" data-element_type=\"widget\" data-widget_type=\"button.default\">\n\t\t\t\t<div class=\"elementor-widget-container\">\n\t\t\t\t\t<div class=\"elementor-button-wrapper\">\n\t\t\t<a href=\"#\" class=\"elementor-button-link elementor-button elementor-size-sm\" role=\"button\">\n\t\t\t\t\t\t<span class=\"elementor-button-content-wrapper\">\n\t\t\t\t\t\t<span class=\"elementor-button-text\">INSCREVA-SE<\/span>\n\t\t<\/span>\n\t\t\t\t\t<\/a>\n\t\t<\/div>\n\t\t\t\t<\/div>\n\t\t\t\t<\/div>\n\t\t\t\t<div class=\"elementor-element elementor-element-6f361d1 jltma-glass-effect-no elementor-widget elementor-widget-text-editor\" data-id=\"6f361d1\" data-element_type=\"widget\" data-widget_type=\"text-editor.default\">\n\t\t\t\t<div class=\"elementor-widget-container\">\n\t\t\t\t\t\t\t<p><span style=\"color: #606060; font-family: barlow-extralight, barlow, sans-serif; font-size: 13px; font-style: italic; text-align: center;\">*Ao<\/span> <span style=\"color: #606060; font-family: barlow-extralight, barlow, sans-serif; font-size: 13px; font-style: italic; text-align: center;\">p<\/span><span style=\"color: #606060; font-family: barlow-extralight, barlow, sans-serif; font-size: 13px; font-style: italic; text-align: center;\">articipar do nosso processo, voc\u00ea afirma estar ciente com a\u00a0<\/span><span style=\"background: transparent; border: 0px; margin: 0px; outline: 0px; padding: 0px; vertical-align: baseline; color: #606060; font-family: barlow-extralight, barlow, sans-serif; font-size: 13px; font-style: italic; text-align: center; text-decoration-line: underline;\"><a style=\"background-image: initial; background-position: initial; background-size: initial; background-repeat: initial; background-attachment: initial; background-origin: initial; background-clip: initial; border: 0px; margin: 0px; outline-style: initial; outline-width: 0px; padding: 0px; vertical-align: baseline; cursor: pointer;\" href=\"https:\/\/www.somosgrupounico.com\/pol%C3%ADtica-de-privacidade\" target=\"_self\">pol\u00edtica de privacidade<\/a><\/span><span style=\"color: #606060; font-family: barlow-extralight, barlow, sans-serif; font-size: 13px; font-style: italic; text-align: center;\">, que trata como fazemos o armazenamento e o manipula\u00e7\u00e3o dos dados de todos os nossos candidatos, seguindo instru\u00e7\u00f5es da LGPD vigo<\/span><span style=\"color: #606060; font-family: barlow-extralight, barlow, sans-serif; font-size: 13px; font-style: italic; text-align: center;\">rada em 2018.<\/span><\/p>\t\t\t\t\t\t<\/div>\n\t\t\t\t<\/div>\n\t\t\t\t\t<\/div>\n\t\t<\/div>\n\t\t\t\t\t\t\t<\/div>\n\t\t<\/section>\n\t\t\t\t\t\t\t<\/div>\n\t\t","protected":false},"excerpt":{"rendered":"<p>GRUPO UNI.CO | 2022 CONHE\u00c7ANOSSAS VAGAS Aqui voc\u00ea poder\u00e1 conhecer as nossas oportunidades. Leia cuidadosamente e veja o que cada uma delas espera de voc\u00ea. Ao final, voc\u00ea poder\u00e1 acessar ao formul\u00e1rio de inscri\u00e7\u00e3o e tamb\u00e9m anexar o seu material (hist\u00f3rico, curr\u00edculo e\/ou portf\u00f3lio). Lembre-se: a inscri\u00e7\u00e3o para o Programa de Est\u00e1gio Uni.co ficar\u00e1 aberta [&hellip;]<\/p>\n","protected":false},"author":1,"featured_media":0,"parent":0,"menu_order":0,"comment_status":"closed","ping_status":"closed","template":"","meta":[],"acf":[],"_links":{"self":[{"href":"https:\/\/homolog.estagio.grupounico.com\/index.php?rest_route=\/wp\/v2\/pages\/30"}],"collection":[{"href":"https:\/\/homolog.estagio.grupounico.com\/index.php?rest_route=\/wp\/v2\/pages"}],"about":[{"href":"https:\/\/homolog.estagio.grupounico.com\/index.php?rest_route=\/wp\/v2\/types\/page"}],"author":[{"embeddable":true,"href":"https:\/\/homolog.estagio.grupounico.com\/index.php?rest_route=\/wp\/v2\/users\/1"}],"replies":[{"embeddable":true,"href":"https:\/\/homolog.estagio.grupounico.com\/index.php?rest_route=%2Fwp%2Fv2%2Fcomments&post=30"}],"version-history":[{"count":59,"href":"https:\/\/homolog.estagio.grupounico.com\/index.php?rest_route=\/wp\/v2\/pages\/30\/revisions"}],"predecessor-version":[{"id":799,"href":"https:\/\/homolog.estagio.grupounico.com\/index.php?rest_route=\/wp\/v2\/pages\/30\/revisions\/799"}],"wp:attachment":[{"href":"https:\/\/homolog.estagio.grupounico.com\/index.php?rest_route=%2Fwp%2Fv2%2Fmedia&parent=30"}],"curies":[{"name":"wp","href":"https:\/\/api.w.org\/{rel}","templated":true}]}}