{"id":26,"date":"2023-01-17T14:44:39","date_gmt":"2023-01-17T17:44:39","guid":{"rendered":"https:\/\/homolog.estagio.grupounico.com\/\/?page_id=26"},"modified":"2023-02-01T10:55:37","modified_gmt":"2023-02-01T13:55:37","slug":"processo-seletivo","status":"publish","type":"page","link":"https:\/\/homolog.estagio.grupounico.com\/?page_id=26","title":{"rendered":"Processo Seletivo"},"content":{"rendered":"\t\t<div data-elementor-type=\"wp-page\" data-elementor-id=\"26\" class=\"elementor elementor-26\">\n\t\t\t\t\t\t\t\t\t<section class=\"has_ma_el_bg_slider elementor-section elementor-top-section elementor-element elementor-element-314411a elementor-section-full_width elementor-section-stretched elementor-section-height-default elementor-section-height-default jltma-glass-effect-no wpr-particle-no wpr-jarallax-no wpr-parallax-no wpr-sticky-section-no\" data-id=\"314411a\" data-element_type=\"section\" data-settings=\"{&quot;stretch_section&quot;:&quot;section-stretched&quot;,&quot;background_background&quot;:&quot;classic&quot;,&quot;_ha_eqh_enable&quot;:false}\">\n\t\t\t\t\t\t<div class=\"elementor-container elementor-column-gap-default\">\n\t\t\t\t\t<div class=\"has_ma_el_bg_slider elementor-column elementor-col-100 elementor-top-column elementor-element elementor-element-8752109 jltma-glass-effect-no\" data-id=\"8752109\" data-element_type=\"column\">\n\t\t\t<div class=\"elementor-widget-wrap elementor-element-populated\">\n\t\t\t\t\t\t\t\t<section class=\"has_ma_el_bg_slider elementor-section elementor-inner-section elementor-element elementor-element-76a4ad1 elementor-section-boxed elementor-section-height-default elementor-section-height-default jltma-glass-effect-no wpr-particle-no wpr-jarallax-no wpr-parallax-no wpr-sticky-section-no\" data-id=\"76a4ad1\" data-element_type=\"section\" data-settings=\"{&quot;_ha_eqh_enable&quot;:false}\">\n\t\t\t\t\t\t<div class=\"elementor-container elementor-column-gap-default\">\n\t\t\t\t\t<div class=\"has_ma_el_bg_slider elementor-column elementor-col-33 elementor-inner-column elementor-element elementor-element-9a3ba9d jltma-glass-effect-no\" data-id=\"9a3ba9d\" data-element_type=\"column\" data-settings=\"{&quot;background_background&quot;:&quot;slideshow&quot;,&quot;background_slideshow_gallery&quot;:[],&quot;background_slideshow_loop&quot;:&quot;yes&quot;,&quot;background_slideshow_slide_duration&quot;:5000,&quot;background_slideshow_slide_transition&quot;:&quot;fade&quot;,&quot;background_slideshow_transition_duration&quot;:500}\">\n\t\t\t<div class=\"elementor-widget-wrap elementor-element-populated\">\n\t\t\t\t\t\t\t\t<div class=\"elementor-element elementor-element-a45e57b jltma-glass-effect-no elementor-widget elementor-widget-image\" data-id=\"a45e57b\" data-element_type=\"widget\" data-widget_type=\"image.default\">\n\t\t\t\t<div class=\"elementor-widget-container\">\n\t\t\t<style>\/*! elementor - v3.10.1 - 17-01-2023 *\/\n.elementor-widget-image{text-align:center}.elementor-widget-image a{display:inline-block}.elementor-widget-image a img[src$=\".svg\"]{width:48px}.elementor-widget-image img{vertical-align:middle;display:inline-block}<\/style>\t\t\t\t\t\t\t\t\t\t\t\t<img decoding=\"async\" src=\"https:\/\/homolog.estagio.grupounico.com\/wp-content\/uploads\/elementor\/thumbs\/material-q1hfdguzsqcjeqxicsmors3xlw99akijz2w46hosw6.webp\" title=\"material\" alt=\"material\" loading=\"lazy\" \/>\t\t\t\t\t\t\t\t\t\t\t\t\t\t\t<\/div>\n\t\t\t\t<\/div>\n\t\t\t\t\t<\/div>\n\t\t<\/div>\n\t\t\t\t<div class=\"has_ma_el_bg_slider elementor-column elementor-col-66 elementor-inner-column elementor-element elementor-element-32884b1 jltma-glass-effect-no\" data-id=\"32884b1\" data-element_type=\"column\">\n\t\t\t<div class=\"elementor-widget-wrap elementor-element-populated\">\n\t\t\t\t\t\t\t\t<div class=\"elementor-element elementor-element-57ffd3d elementor-widget__width-inherit jltma-glass-effect-no elementor-widget elementor-widget-heading\" data-id=\"57ffd3d\" data-element_type=\"widget\" data-widget_type=\"heading.default\">\n\t\t\t\t<div class=\"elementor-widget-container\">\n\t\t\t<style>\/*! elementor - v3.10.1 - 17-01-2023 *\/\n.elementor-heading-title{padding:0;margin:0;line-height:1}.elementor-widget-heading .elementor-heading-title[class*=elementor-size-]>a{color:inherit;font-size:inherit;line-height:inherit}.elementor-widget-heading .elementor-heading-title.elementor-size-small{font-size:15px}.elementor-widget-heading .elementor-heading-title.elementor-size-medium{font-size:19px}.elementor-widget-heading .elementor-heading-title.elementor-size-large{font-size:29px}.elementor-widget-heading .elementor-heading-title.elementor-size-xl{font-size:39px}.elementor-widget-heading .elementor-heading-title.elementor-size-xxl{font-size:59px}<\/style><h2 class=\"elementor-heading-title elementor-size-default\">GRUPO UNI.CO | 2022<\/h2>\t\t<\/div>\n\t\t\t\t<\/div>\n\t\t\t\t<div class=\"elementor-element elementor-element-60f44c3 jltma-glass-effect-no elementor-widget elementor-widget-heading\" data-id=\"60f44c3\" data-element_type=\"widget\" data-widget_type=\"heading.default\">\n\t\t\t\t<div class=\"elementor-widget-container\">\n\t\t\t<h2 class=\"elementor-heading-title elementor-size-default\">SOBRE O <br>PROCESSO SELETIVO<br><\/h2>\t\t<\/div>\n\t\t\t\t<\/div>\n\t\t\t\t\t<\/div>\n\t\t<\/div>\n\t\t\t\t\t\t\t<\/div>\n\t\t<\/section>\n\t\t\t\t\t<\/div>\n\t\t<\/div>\n\t\t\t\t\t\t\t<\/div>\n\t\t<\/section>\n\t\t\t\t<section class=\"has_ma_el_bg_slider elementor-section elementor-top-section elementor-element elementor-element-bf7cb4c elementor-section-boxed elementor-section-height-default elementor-section-height-default jltma-glass-effect-no wpr-particle-no wpr-jarallax-no wpr-parallax-no wpr-sticky-section-no\" data-id=\"bf7cb4c\" data-element_type=\"section\" data-settings=\"{&quot;_ha_eqh_enable&quot;:false}\">\n\t\t\t\t\t\t<div class=\"elementor-container elementor-column-gap-default\">\n\t\t\t\t\t<div class=\"has_ma_el_bg_slider elementor-column elementor-col-100 elementor-top-column elementor-element elementor-element-8d32b07 jltma-glass-effect-no\" data-id=\"8d32b07\" data-element_type=\"column\">\n\t\t\t<div class=\"elementor-widget-wrap elementor-element-populated\">\n\t\t\t\t\t\t\t\t<div class=\"elementor-element elementor-element-77fd90f jltma-glass-effect-no elementor-widget elementor-widget-text-editor\" data-id=\"77fd90f\" data-element_type=\"widget\" data-widget_type=\"text-editor.default\">\n\t\t\t\t<div class=\"elementor-widget-container\">\n\t\t\t<style>\/*! elementor - v3.10.1 - 17-01-2023 *\/\n.elementor-widget-text-editor.elementor-drop-cap-view-stacked .elementor-drop-cap{background-color:#818a91;color:#fff}.elementor-widget-text-editor.elementor-drop-cap-view-framed .elementor-drop-cap{color:#818a91;border:3px solid;background-color:transparent}.elementor-widget-text-editor:not(.elementor-drop-cap-view-default) .elementor-drop-cap{margin-top:8px}.elementor-widget-text-editor:not(.elementor-drop-cap-view-default) .elementor-drop-cap-letter{width:1em;height:1em}.elementor-widget-text-editor .elementor-drop-cap{float:left;text-align:center;line-height:1;font-size:50px}.elementor-widget-text-editor .elementor-drop-cap-letter{display:inline-block}<\/style>\t\t\t\t<div><p style=\"background: transparent; border: 0px; margin-bottom: 0px; outline: 0px; vertical-align: baseline; pointer-events: auto; font-size: 15px; color: rgb(var(--color_14));\"><span style=\"background: transparent; border: 0px; margin: 0px; outline: 0px; padding: 0px; vertical-align: baseline;\"><span style=\"background: transparent; border: 0px; margin: 0px; outline: 0px; padding: 0px; vertical-align: baseline; color: #ede04b;\"><span style=\"background: transparent; border: 0px; margin: 0px; outline: 0px; padding: 0px; vertical-align: baseline; font-weight: bold;\"><span style=\"background: transparent; border: 0px; margin: 0px; outline: 0px; padding: 0px; vertical-align: baseline; font-family: barlow-medium, barlow, sans-serif;\"><span style=\"background: transparent; border: 0px; margin: 0px; outline: 0px; padding: 0px; vertical-align: baseline; font-size: 25px;\"><span style=\"background: #e68699; border: 0px; margin: 0px; outline: 0px; padding: 0px; vertical-align: baseline;\">PR\u00c9-REQUISITOS<\/span><\/span><\/span><\/span><\/span><\/span><\/p><\/div><ul><li><p>Disponibilidade de 30 horas semanais;<\/p><\/li><li><p>Per\u00edodo de forma\u00e7\u00e3o entre julho de 2023 a julho de 2024;<\/p><\/li><li><p>Cursando Gradua\u00e7\u00e3o sem restri\u00e7\u00e3o de curso;<\/p><\/li><li><p>Ter vontade de se desenvolver, aprender e fazer acontecer.<\/p><\/li><\/ul>\t\t\t\t\t\t<\/div>\n\t\t\t\t<\/div>\n\t\t\t\t<div class=\"elementor-element elementor-element-fb0864a jltma-glass-effect-no elementor-widget elementor-widget-text-editor\" data-id=\"fb0864a\" data-element_type=\"widget\" data-widget_type=\"text-editor.default\">\n\t\t\t\t<div class=\"elementor-widget-container\">\n\t\t\t\t\t\t\t<p>\u00a0<\/p><div><p style=\"background: transparent; border: 0px; margin-bottom: 0px; outline: 0px; vertical-align: baseline; pointer-events: auto; font-size: 15px; color: rgb(var(--color_14));\"><span style=\"background: transparent; border: 0px; margin: 0px; outline: 0px; padding: 0px; vertical-align: baseline;\"><span style=\"background: transparent; border: 0px; margin: 0px; outline: 0px; padding: 0px; vertical-align: baseline; color: #ede04b;\"><span style=\"background: transparent; border: 0px; margin: 0px; outline: 0px; padding: 0px; vertical-align: baseline; font-weight: bold;\"><span style=\"background: transparent; border: 0px; margin: 0px; outline: 0px; padding: 0px; vertical-align: baseline; font-family: barlow-medium, barlow, sans-serif;\"><span style=\"background: transparent; border: 0px; margin: 0px; outline: 0px; padding: 0px; vertical-align: baseline; font-size: 25px;\"><span style=\"background: #e68699; border: 0px; margin: 0px; outline: 0px; padding: 0px; vertical-align: baseline;\">INFORMA\u00c7\u00d5ES ADICIONAIS E BENEF\u00cdCIOS<\/span><\/span><\/span><\/span><\/span><\/span><\/p><\/div><ul><li><p>Bolsa aux\u00edlio de R$ 1.200,00\/m\u00eas a R$ 2.000,00\/m\u00eas;<\/p><\/li><li><p>Modelo de trabalho h\u00edbrido;<\/p><\/li><li><p>Vale Transporte \/ Estacionamento \/ Fretado (na unidade de Bigua\u00e7u);\u00a0<\/p><\/li><li><p>Vale Refei\u00e7\u00e3o \/ Vale Alimenta\u00e7\u00e3o \/ Restaurante no local (na unidade de\u00a0Bigua\u00e7u);<\/p><\/li><li><p>Conv\u00eanio M\u00e9dico e Odontol\u00f3gico;\u00a0<\/p><\/li><li><p>Seguro de Vida;<\/p><\/li><li><p>Desconto na loja virtual das marcas;\u00a0<\/p><\/li><li><p>Day off no dia do anivers\u00e1rio;<\/p><\/li><li><p>PLR (Participa\u00e7\u00e3o nos Lucros e Resultados).<\/p><\/li><\/ul>\t\t\t\t\t\t<\/div>\n\t\t\t\t<\/div>\n\t\t\t\t<div class=\"elementor-element elementor-element-bd73608 jltma-glass-effect-no elementor-widget elementor-widget-text-editor\" data-id=\"bd73608\" data-element_type=\"widget\" data-widget_type=\"text-editor.default\">\n\t\t\t\t<div class=\"elementor-widget-container\">\n\t\t\t\t\t\t\t<div><p style=\"background: transparent; border: 0px; margin-bottom: 0px; outline: 0px; vertical-align: baseline; pointer-events: auto; font-size: 15px; color: rgb(var(--color_14));\"><span style=\"background: transparent; border: 0px; margin: 0px; outline: 0px; padding: 0px; vertical-align: baseline;\"><span style=\"background: transparent; border: 0px; margin: 0px; outline: 0px; padding: 0px; vertical-align: baseline; color: #ede04b;\"><span style=\"background: transparent; border: 0px; margin: 0px; outline: 0px; padding: 0px; vertical-align: baseline; font-weight: bold;\"><span style=\"background: transparent; border: 0px; margin: 0px; outline: 0px; padding: 0px; vertical-align: baseline; font-family: barlow-medium, barlow, sans-serif;\"><span style=\"background: transparent; border: 0px; margin: 0px; outline: 0px; padding: 0px; vertical-align: baseline; font-size: 25px;\"><span style=\"background: #e68699; border: 0px; margin: 0px; outline: 0px; padding: 0px; vertical-align: baseline;\">ETAPAS DO PROCESSO SELETIVO<\/span><\/span><\/span><\/span><\/span><\/span><\/p><\/div><ul><li><p>Inscri\u00e7\u00e3o e envio de material (hist\u00f3rico, curr\u00edculo e\/ou portf\u00f3lio);<span style=\"color: var( --e-global-color-text ); font-family: var( --e-global-typography-text-font-family ), Sans-serif; font-weight: var( --e-global-typography-text-font-weight );\"><br \/><\/span><\/p><\/li><li><p><span style=\"color: var( --e-global-color-text ); font-family: var( --e-global-typography-text-font-family ), Sans-serif; font-weight: var( --e-global-typography-text-font-weight );\">Avalia\u00e7\u00f5es online (testes,\u00a0resolu\u00e7\u00e3o\u00a0de cases ou pesquisas);<\/span><\/p><\/li><li><p>Entrevistas (Gestores e Gente &amp; Gest\u00e3o);<\/p><\/li><li><p>Processo de Admiss\u00e3o (previs\u00e3o para Maio\/Junho).<\/p><\/li><\/ul>\t\t\t\t\t\t<\/div>\n\t\t\t\t<\/div>\n\t\t\t\t\t<\/div>\n\t\t<\/div>\n\t\t\t\t\t\t\t<\/div>\n\t\t<\/section>\n\t\t\t\t<section class=\"has_ma_el_bg_slider elementor-section elementor-top-section elementor-element elementor-element-d078b0d elementor-section-full_width elementor-section-stretched elementor-section-height-default elementor-section-height-default jltma-glass-effect-no wpr-particle-no wpr-jarallax-no wpr-parallax-no wpr-sticky-section-no\" data-id=\"d078b0d\" data-element_type=\"section\" data-settings=\"{&quot;stretch_section&quot;:&quot;section-stretched&quot;,&quot;background_background&quot;:&quot;classic&quot;,&quot;_ha_eqh_enable&quot;:false}\">\n\t\t\t\t\t\t<div class=\"elementor-container elementor-column-gap-default\">\n\t\t\t\t\t<div class=\"has_ma_el_bg_slider elementor-column elementor-col-100 elementor-top-column elementor-element elementor-element-e057483 jltma-glass-effect-no\" data-id=\"e057483\" data-element_type=\"column\">\n\t\t\t<div class=\"elementor-widget-wrap elementor-element-populated\">\n\t\t\t\t\t\t\t\t<div class=\"elementor-element elementor-element-9fc5378 jltma-glass-effect-no elementor-widget elementor-widget-heading\" data-id=\"9fc5378\" data-element_type=\"widget\" data-widget_type=\"heading.default\">\n\t\t\t\t<div class=\"elementor-widget-container\">\n\t\t\t<h2 class=\"elementor-heading-title elementor-size-default\">INSCRI\u00c7\u00c3O\n<\/h2>\t\t<\/div>\n\t\t\t\t<\/div>\n\t\t\t\t\t<\/div>\n\t\t<\/div>\n\t\t\t\t\t\t\t<\/div>\n\t\t<\/section>\n\t\t\t\t<section class=\"has_ma_el_bg_slider elementor-section elementor-top-section elementor-element elementor-element-5dd07b8 elementor-section-boxed elementor-section-height-default elementor-section-height-default jltma-glass-effect-no wpr-particle-no wpr-jarallax-no wpr-parallax-no wpr-sticky-section-no\" data-id=\"5dd07b8\" data-element_type=\"section\" data-settings=\"{&quot;_ha_eqh_enable&quot;:false}\">\n\t\t\t\t\t\t<div class=\"elementor-container elementor-column-gap-default\">\n\t\t\t\t\t<div class=\"has_ma_el_bg_slider elementor-column elementor-col-100 elementor-top-column elementor-element elementor-element-2efec1c jltma-glass-effect-no\" data-id=\"2efec1c\" data-element_type=\"column\">\n\t\t\t<div class=\"elementor-widget-wrap elementor-element-populated\">\n\t\t\t\t\t\t\t\t<div class=\"elementor-element elementor-element-2ae6975 jltma-glass-effect-no elementor-widget elementor-widget-heading\" data-id=\"2ae6975\" data-element_type=\"widget\" data-widget_type=\"heading.default\">\n\t\t\t\t<div class=\"elementor-widget-container\">\n\t\t\t<h2 class=\"elementor-heading-title elementor-size-default\"><p class=\"font_8\" style=\"background: transparent; border: 0px; margin-bottom: 0px; outline: 0px; vertical-align: baseline; pointer-events: auto; font-size: 15px; line-height: 1.5em; color: rgb(var(--color_14)); white-space: normal;\"><span style=\"background: transparent; border: 0px; margin: 0px; outline: 0px; padding: 0px; vertical-align: baseline;\"><span style=\"background: transparent; border: 0px; margin: 0px; outline: 0px; padding: 0px; vertical-align: baseline; color: rgb(237, 224, 75);\"><span style=\"background: transparent; border: 0px; margin: 0px; outline: 0px; padding: 0px; vertical-align: baseline; font-weight: bold;\"><span style=\"background: transparent; border: 0px; margin: 0px; outline: 0px; padding: 0px; vertical-align: baseline; font-family: barlow-medium, barlow, sans-serif;\"><span style=\"background: transparent; border: 0px; margin: 0px; outline: 0px; padding: 0px; vertical-align: baseline; font-size: 25px;\"><span style=\"background: rgb(230, 134, 153); border: 0px; margin: 0px; outline: 0px; padding: 0px; vertical-align: baseline;\">CONFIRA AS VAGAS ABERTAS!<\/span><\/span><\/span><\/span><\/span><\/span><\/p>A inscri\u00e7\u00e3o para o Programa de Est\u00e1gio no Grupo Uni.co estar\u00e1 aberta at\u00e9 o dia <span style=\"font-weight:700\">\n20\/04\/2022!\n<\/span><br> \nClique no bot\u00e3o abaixo e confira as vagas abertas.<br>\nFicaremos felizes em ter voc\u00ea conosco! <\/h2>\t\t<\/div>\n\t\t\t\t<\/div>\n\t\t\t\t<div class=\"elementor-element elementor-element-c1d7d50 jltma-glass-effect-no elementor-widget elementor-widget-button\" data-id=\"c1d7d50\" data-element_type=\"widget\" data-widget_type=\"button.default\">\n\t\t\t\t<div class=\"elementor-widget-container\">\n\t\t\t\t\t<div class=\"elementor-button-wrapper\">\n\t\t\t<a href=\"https:\/\/homolog.estagio.grupounico.com\/?page_id=30\" class=\"elementor-button-link elementor-button elementor-size-sm\" role=\"button\">\n\t\t\t\t\t\t<span class=\"elementor-button-content-wrapper\">\n\t\t\t\t\t\t<span class=\"elementor-button-text\">Vagas abertas<\/span>\n\t\t<\/span>\n\t\t\t\t\t<\/a>\n\t\t<\/div>\n\t\t\t\t<\/div>\n\t\t\t\t<\/div>\n\t\t\t\t\t<\/div>\n\t\t<\/div>\n\t\t\t\t\t\t\t<\/div>\n\t\t<\/section>\n\t\t\t\t\t\t\t<\/div>\n\t\t","protected":false},"excerpt":{"rendered":"<p>GRUPO UNI.CO | 2022 SOBRE O PROCESSO SELETIVO PR\u00c9-REQUISITOS Disponibilidade de 30 horas semanais; Per\u00edodo de forma\u00e7\u00e3o entre julho de 2023 a julho de 2024; Cursando Gradua\u00e7\u00e3o sem restri\u00e7\u00e3o de curso; Ter vontade de se desenvolver, aprender e fazer acontecer. \u00a0 INFORMA\u00c7\u00d5ES ADICIONAIS E BENEF\u00cdCIOS Bolsa aux\u00edlio de R$ 1.200,00\/m\u00eas a R$ 2.000,00\/m\u00eas; Modelo de [&hellip;]<\/p>\n","protected":false},"author":1,"featured_media":0,"parent":0,"menu_order":0,"comment_status":"closed","ping_status":"closed","template":"","meta":[],"acf":[],"_links":{"self":[{"href":"https:\/\/homolog.estagio.grupounico.com\/index.php?rest_route=\/wp\/v2\/pages\/26"}],"collection":[{"href":"https:\/\/homolog.estagio.grupounico.com\/index.php?rest_route=\/wp\/v2\/pages"}],"about":[{"href":"https:\/\/homolog.estagio.grupounico.com\/index.php?rest_route=\/wp\/v2\/types\/page"}],"author":[{"embeddable":true,"href":"https:\/\/homolog.estagio.grupounico.com\/index.php?rest_route=\/wp\/v2\/users\/1"}],"replies":[{"embeddable":true,"href":"https:\/\/homolog.estagio.grupounico.com\/index.php?rest_route=%2Fwp%2Fv2%2Fcomments&post=26"}],"version-history":[{"count":88,"href":"https:\/\/homolog.estagio.grupounico.com\/index.php?rest_route=\/wp\/v2\/pages\/26\/revisions"}],"predecessor-version":[{"id":665,"href":"https:\/\/homolog.estagio.grupounico.com\/index.php?rest_route=\/wp\/v2\/pages\/26\/revisions\/665"}],"wp:attachment":[{"href":"https:\/\/homolog.estagio.grupounico.com\/index.php?rest_route=%2Fwp%2Fv2%2Fmedia&parent=26"}],"curies":[{"name":"wp","href":"https:\/\/api.w.org\/{rel}","templated":true}]}}